{"id":211,"date":"2025-02-24T23:27:21","date_gmt":"2025-02-24T23:27:21","guid":{"rendered":"https:\/\/besins-healthcarebrasil.com.br\/areadeprescritores\/?page_id=211"},"modified":"2026-01-12T11:39:22","modified_gmt":"2026-01-12T14:39:22","slug":"cadastro","status":"publish","type":"page","link":"https:\/\/besins-healthcarebrasil.com.br\/besins-academy\/cadastro\/","title":{"rendered":"Cadastro"},"content":{"rendered":"\t\t<div data-elementor-type=\"wp-page\" data-elementor-id=\"211\" class=\"elementor elementor-211\" data-elementor-post-type=\"page\">\n\t\t\t\t\t\t<section class=\"elementor-section elementor-top-section elementor-element elementor-element-5fdb1b3 elementor-section-height-min-height elementor-section-boxed elementor-section-height-default elementor-section-items-middle\" data-id=\"5fdb1b3\" data-element_type=\"section\" data-e-type=\"section\" data-settings=\"{&quot;background_background&quot;:&quot;classic&quot;}\">\n\t\t\t\t\t\t<div class=\"elementor-container elementor-column-gap-default\">\n\t\t\t\t\t<div class=\"elementor-column elementor-col-100 elementor-top-column elementor-element elementor-element-555c052\" data-id=\"555c052\" data-element_type=\"column\" data-e-type=\"column\">\n\t\t\t<div class=\"elementor-widget-wrap elementor-element-populated\">\n\t\t\t\t\t\t<section class=\"elementor-section elementor-inner-section elementor-element elementor-element-60a1b13 elementor-section-content-middle elementor-section-boxed elementor-section-height-default elementor-section-height-default\" data-id=\"60a1b13\" data-element_type=\"section\" data-e-type=\"section\">\n\t\t\t\t\t\t<div class=\"elementor-container elementor-column-gap-no\">\n\t\t\t\t\t<div class=\"elementor-column elementor-col-50 elementor-inner-column elementor-element elementor-element-d9e6b98\" data-id=\"d9e6b98\" data-element_type=\"column\" data-e-type=\"column\">\n\t\t\t<div class=\"elementor-widget-wrap elementor-element-populated\">\n\t\t\t\t\t\t<div class=\"elementor-element elementor-element-643628a elementor-widget elementor-widget-image\" data-id=\"643628a\" data-element_type=\"widget\" data-e-type=\"widget\" data-widget_type=\"image.default\">\n\t\t\t\t<div class=\"elementor-widget-container\">\n\t\t\t\t\t\t\t\t\t\t\t\t\t\t\t<img fetchpriority=\"high\" decoding=\"async\" width=\"800\" height=\"309\" src=\"https:\/\/besins-healthcarebrasil.com.br\/besins-academy\/wp-content\/uploads\/2026\/01\/besins-branco-horiz-1024x396.png\" class=\"attachment-large size-large wp-image-1627\" alt=\"\" srcset=\"https:\/\/besins-healthcarebrasil.com.br\/besins-academy\/wp-content\/uploads\/2026\/01\/besins-branco-horiz-1024x396.png 1024w, https:\/\/besins-healthcarebrasil.com.br\/besins-academy\/wp-content\/uploads\/2026\/01\/besins-branco-horiz-300x116.png 300w, https:\/\/besins-healthcarebrasil.com.br\/besins-academy\/wp-content\/uploads\/2026\/01\/besins-branco-horiz-768x297.png 768w, https:\/\/besins-healthcarebrasil.com.br\/besins-academy\/wp-content\/uploads\/2026\/01\/besins-branco-horiz-1536x594.png 1536w, https:\/\/besins-healthcarebrasil.com.br\/besins-academy\/wp-content\/uploads\/2026\/01\/besins-branco-horiz-2048x792.png 2048w\" sizes=\"(max-width: 800px) 100vw, 800px\" \/>\t\t\t\t\t\t\t\t\t\t\t\t\t\t\t<\/div>\n\t\t\t\t<\/div>\n\t\t\t\t\t<\/div>\n\t\t<\/div>\n\t\t\t\t<div class=\"elementor-column elementor-col-50 elementor-inner-column elementor-element elementor-element-24124f4\" data-id=\"24124f4\" data-element_type=\"column\" data-e-type=\"column\">\n\t\t\t<div class=\"elementor-widget-wrap elementor-element-populated\">\n\t\t\t\t\t\t<div class=\"elementor-element elementor-element-2cfe17f elementor-align-right elementor-mobile-align-justify elementor-widget elementor-widget-button\" data-id=\"2cfe17f\" data-element_type=\"widget\" data-e-type=\"widget\" data-widget_type=\"button.default\">\n\t\t\t\t<div class=\"elementor-widget-container\">\n\t\t\t\t\t\t\t\t\t<div class=\"elementor-button-wrapper\">\n\t\t\t\t\t<a class=\"elementor-button elementor-button-link elementor-size-sm\" href=\"https:\/\/besins-healthcarebrasil.com.br\/besins-academy\/login\">\n\t\t\t\t\t\t<span class=\"elementor-button-content-wrapper\">\n\t\t\t\t\t\t\t\t\t<span class=\"elementor-button-text\">J\u00e1 tenho conta. Fazer Login.<\/span>\n\t\t\t\t\t<\/span>\n\t\t\t\t\t<\/a>\n\t\t\t\t<\/div>\n\t\t\t\t\t\t\t\t<\/div>\n\t\t\t\t<\/div>\n\t\t\t\t\t<\/div>\n\t\t<\/div>\n\t\t\t\t\t<\/div>\n\t\t<\/section>\n\t\t\t\t<div class=\"elementor-element elementor-element-ee7093a elementor-widget elementor-widget-heading\" data-id=\"ee7093a\" data-element_type=\"widget\" data-e-type=\"widget\" data-widget_type=\"heading.default\">\n\t\t\t\t<div class=\"elementor-widget-container\">\n\t\t\t\t\t<h2 class=\"elementor-heading-title elementor-size-default\">Preencha os dados abaixo para efetuar seu cadastro\n<\/h2>\t\t\t\t<\/div>\n\t\t\t\t<\/div>\n\t\t\t\t<div class=\"elementor-element elementor-element-0d5ad9b elementor-button-align-start elementor-widget elementor-widget-form\" data-id=\"0d5ad9b\" data-element_type=\"widget\" data-e-type=\"widget\" data-settings=\"{&quot;button_width&quot;:&quot;50&quot;,&quot;step_next_label&quot;:&quot;Next&quot;,&quot;step_previous_label&quot;:&quot;Previous&quot;,&quot;step_type&quot;:&quot;number_text&quot;,&quot;step_icon_shape&quot;:&quot;circle&quot;}\" data-widget_type=\"form.default\">\n\t\t\t\t<div class=\"elementor-widget-container\">\n\t\t\t\t\t\t\t<form class=\"elementor-form\" method=\"post\" name=\"form_cadastro\" aria-label=\"form_cadastro\">\n\t\t\t<input type=\"hidden\" name=\"post_id\" value=\"211\"\/>\n\t\t\t<input type=\"hidden\" name=\"form_id\" value=\"0d5ad9b\"\/>\n\t\t\t<input type=\"hidden\" name=\"referer_title\" value=\"Cadastro - Besins Academy\" \/>\n\n\t\t\t\t\t\t\t<input type=\"hidden\" name=\"queried_id\" value=\"211\"\/>\n\t\t\t\n\t\t\t<div class=\"elementor-form-fields-wrapper elementor-labels-\">\n\t\t\t\t\t\t\t\t<div class=\"elementor-field-type-html elementor-field-group elementor-column elementor-field-group-field_00eb71d elementor-col-100\">\n\t\t\t\t\t<h4 style=\"color:#fff\">Dados de Acesso<\/h4>\t\t\t\t<\/div>\n\t\t\t\t\t\t\t\t<div class=\"elementor-field-type-email elementor-field-group elementor-column elementor-field-group-email elementor-col-50 elementor-field-required\">\n\t\t\t\t\t\t\t\t\t\t\t\t<label for=\"form-field-email\" class=\"elementor-field-label elementor-screen-only\">\n\t\t\t\t\t\t\t\tE-mail\t\t\t\t\t\t\t<\/label>\n\t\t\t\t\t\t\t\t\t\t\t\t\t\t<input size=\"1\" type=\"email\" name=\"form_fields[email]\" id=\"form-field-email\" class=\"elementor-field elementor-size-lg  elementor-field-textual\" placeholder=\"E-mail\" required=\"required\">\n\t\t\t\t\t\t\t\t\t\t\t<\/div>\n\t\t\t\t\t\t\t\t<div class=\"elementor-field-type-password elementor-field-group elementor-column elementor-field-group-password elementor-col-50\">\n\t\t\t\t\t\t\t\t\t\t\t\t<label for=\"form-field-password\" class=\"elementor-field-label elementor-screen-only\">\n\t\t\t\t\t\t\t\tSenha\t\t\t\t\t\t\t<\/label>\n\t\t\t\t\t\t\t\t\t\t\t\t\t\t<input size=\"1\" type=\"password\" name=\"form_fields[password]\" id=\"form-field-password\" class=\"elementor-field elementor-size-lg  elementor-field-textual\" placeholder=\"Senha\">\n\t\t\t\t\t\t\t\t\t\t\t<\/div>\n\t\t\t\t\t\t\t\t<div class=\"elementor-field-type-html elementor-field-group elementor-column elementor-field-group-field_d462886 elementor-col-100\">\n\t\t\t\t\t<h4 style=\"color:#fff\">Dados Pessoais<\/h4>\t\t\t\t<\/div>\n\t\t\t\t\t\t\t\t<div class=\"elementor-field-type-text elementor-field-group elementor-column elementor-field-group-username elementor-col-50 elementor-field-required\">\n\t\t\t\t\t\t\t\t\t\t\t\t<label for=\"form-field-username\" class=\"elementor-field-label elementor-screen-only\">\n\t\t\t\t\t\t\t\tNome Completo\t\t\t\t\t\t\t<\/label>\n\t\t\t\t\t\t\t\t\t\t\t\t\t\t<input size=\"1\" type=\"text\" name=\"form_fields[username]\" id=\"form-field-username\" class=\"elementor-field elementor-size-lg  elementor-field-textual\" placeholder=\"Nome Completo\" required=\"required\">\n\t\t\t\t\t\t\t\t\t\t\t<\/div>\n\t\t\t\t\t\t\t\t<div class=\"elementor-field-type-text elementor-field-group elementor-column elementor-field-group-cpf elementor-col-50 elementor-field-required\">\n\t\t\t\t\t\t\t\t\t\t\t\t<label for=\"form-field-cpf\" class=\"elementor-field-label elementor-screen-only\">\n\t\t\t\t\t\t\t\tCPF\t\t\t\t\t\t\t<\/label>\n\t\t\t\t\t\t\t\t\t\t\t\t\t\t<input size=\"1\" type=\"text\" name=\"form_fields[cpf]\" id=\"form-field-cpf\" class=\"elementor-field elementor-size-lg  fme-mask-input mask_control_@ev-br_fr money_mask_format_@ mask_prefix_@ mask_decimal_places_@ mask_time_mask_format_@ fme_phone_format_@ credit_card_options_@ mask_auto_placeholder_@ fme_brazilian_formats_@fme_cpf elementor-field-textual\" placeholder=\"CPF\" required=\"required\" data-input_mask=\"ev-br_fr\">\n\t\t\t\t\t\t\t\t\t\t\t<\/div>\n\t\t\t\t\t\t\t\t<div class=\"elementor-field-type-select elementor-field-group elementor-column elementor-field-group-especialidade elementor-col-33\">\n\t\t\t\t\t\t\t\t\t\t\t\t<label for=\"form-field-especialidade\" class=\"elementor-field-label elementor-screen-only\">\n\t\t\t\t\t\t\t\tEspecialidade\t\t\t\t\t\t\t<\/label>\n\t\t\t\t\t\t\t\t<div class=\"elementor-field elementor-select-wrapper remove-before \">\n\t\t\t<div class=\"select-caret-down-wrapper\">\n\t\t\t\t<svg aria-hidden=\"true\" class=\"e-font-icon-svg e-eicon-caret-down\" viewBox=\"0 0 571.4 571.4\" xmlns=\"http:\/\/www.w3.org\/2000\/svg\"><path d=\"M571 393Q571 407 561 418L311 668Q300 679 286 679T261 668L11 418Q0 407 0 393T11 368 36 357H536Q550 357 561 368T571 393Z\"><\/path><\/svg>\t\t\t<\/div>\n\t\t\t<select name=\"form_fields[especialidade]\" id=\"form-field-especialidade\" class=\"elementor-field-textual elementor-size-lg\">\n\t\t\t\t\t\t\t\t\t<option value=\"ginecologia\">Ginecologia<\/option>\n\t\t\t\t\t\t\t\t\t<option value=\"obstetricia\">Obstetri\u0301cia<\/option>\n\t\t\t\t\t\t\t\t\t<option value=\"endocrinologia\">Endocrinologia<\/option>\n\t\t\t\t\t\t\t\t\t<option value=\"fertilidade\">Fertilidade<\/option>\n\t\t\t\t\t\t\t\t\t<option value=\"urologia\">Urologia<\/option>\n\t\t\t\t\t\t\t\t\t<option value=\"clinico-geral\">Cli\u0301nico\u00a0Geral<\/option>\n\t\t\t\t\t\t\t<\/select>\n\t\t<\/div>\n\t\t\t\t\t\t<\/div>\n\t\t\t\t\t\t\t\t<div class=\"elementor-field-type-text elementor-field-group elementor-column elementor-field-group-crm elementor-col-33\">\n\t\t\t\t\t\t\t\t\t\t\t\t<label for=\"form-field-crm\" class=\"elementor-field-label elementor-screen-only\">\n\t\t\t\t\t\t\t\tCRM\t\t\t\t\t\t\t<\/label>\n\t\t\t\t\t\t\t\t\t\t\t\t\t\t<input size=\"1\" type=\"text\" name=\"form_fields[crm]\" id=\"form-field-crm\" class=\"elementor-field elementor-size-lg  elementor-field-textual\" placeholder=\"CRM\">\n\t\t\t\t\t\t\t\t\t\t\t<\/div>\n\t\t\t\t\t\t\t\t<div class=\"elementor-field-type-select elementor-field-group elementor-column elementor-field-group-uf elementor-col-33 elementor-field-required\">\n\t\t\t\t\t\t\t\t\t\t\t\t<label for=\"form-field-uf\" class=\"elementor-field-label elementor-screen-only\">\n\t\t\t\t\t\t\t\tUF\t\t\t\t\t\t\t<\/label>\n\t\t\t\t\t\t\t\t<div class=\"elementor-field elementor-select-wrapper remove-before \">\n\t\t\t<div class=\"select-caret-down-wrapper\">\n\t\t\t\t<svg aria-hidden=\"true\" class=\"e-font-icon-svg e-eicon-caret-down\" viewBox=\"0 0 571.4 571.4\" xmlns=\"http:\/\/www.w3.org\/2000\/svg\"><path d=\"M571 393Q571 407 561 418L311 668Q300 679 286 679T261 668L11 418Q0 407 0 393T11 368 36 357H536Q550 357 561 368T571 393Z\"><\/path><\/svg>\t\t\t<\/div>\n\t\t\t<select name=\"form_fields[uf]\" id=\"form-field-uf\" class=\"elementor-field-textual elementor-size-lg\" required=\"required\">\n\t\t\t\t\t\t\t\t\t<option value=\"AC\">AC<\/option>\n\t\t\t\t\t\t\t\t\t<option value=\"AL\">AL<\/option>\n\t\t\t\t\t\t\t\t\t<option value=\"AP\">AP<\/option>\n\t\t\t\t\t\t\t\t\t<option value=\"AM\">AM<\/option>\n\t\t\t\t\t\t\t\t\t<option value=\"BA\">BA<\/option>\n\t\t\t\t\t\t\t\t\t<option value=\"CE\">CE<\/option>\n\t\t\t\t\t\t\t\t\t<option value=\"DF\">DF<\/option>\n\t\t\t\t\t\t\t\t\t<option value=\"ES\">ES<\/option>\n\t\t\t\t\t\t\t\t\t<option value=\"GO\">GO<\/option>\n\t\t\t\t\t\t\t\t\t<option value=\"MA\">MA<\/option>\n\t\t\t\t\t\t\t\t\t<option value=\"MT\">MT<\/option>\n\t\t\t\t\t\t\t\t\t<option value=\"MS\">MS<\/option>\n\t\t\t\t\t\t\t\t\t<option value=\"MG\">MG<\/option>\n\t\t\t\t\t\t\t\t\t<option value=\"PA\">PA<\/option>\n\t\t\t\t\t\t\t\t\t<option value=\"PB\">PB<\/option>\n\t\t\t\t\t\t\t\t\t<option value=\"PR\">PR<\/option>\n\t\t\t\t\t\t\t\t\t<option value=\"PE\">PE<\/option>\n\t\t\t\t\t\t\t\t\t<option value=\"PI\">PI<\/option>\n\t\t\t\t\t\t\t\t\t<option value=\"RJ\">RJ<\/option>\n\t\t\t\t\t\t\t\t\t<option value=\"RN\">RN<\/option>\n\t\t\t\t\t\t\t\t\t<option value=\"RS\">RS<\/option>\n\t\t\t\t\t\t\t\t\t<option value=\"RO\">RO<\/option>\n\t\t\t\t\t\t\t\t\t<option value=\"RR\">RR<\/option>\n\t\t\t\t\t\t\t\t\t<option value=\"SC\">SC<\/option>\n\t\t\t\t\t\t\t\t\t<option value=\"SP\">SP<\/option>\n\t\t\t\t\t\t\t\t\t<option value=\"SE\">SE<\/option>\n\t\t\t\t\t\t\t\t\t<option value=\"TO\">TO<\/option>\n\t\t\t\t\t\t\t<\/select>\n\t\t<\/div>\n\t\t\t\t\t\t<\/div>\n\t\t\t\t\t\t\t\t<div class=\"elementor-field-type-acceptance elementor-field-group elementor-column elementor-field-group-accept_terms elementor-col-100 elementor-field-required\">\n\t\t\t\t\t\t\t<div class=\"elementor-field-subgroup\">\n\t\t\t<span class=\"elementor-field-option\">\n\t\t\t\t<input type=\"checkbox\" name=\"form_fields[accept_terms]\" id=\"form-field-accept_terms\" class=\"elementor-field elementor-size-lg  elementor-acceptance-field\" required=\"required\">\n\t\t\t\t<label for=\"form-field-accept_terms\"><a href=\"#termos\" style=\"color: #fff\">Li e concordo com os Termos de Uso.<\/a><\/label>\t\t\t<\/span>\n\t\t<\/div>\n\t\t\t\t\t\t<\/div>\n\t\t\t\t\t\t\t\t<div class=\"elementor-field-type-html elementor-field-group elementor-column elementor-field-group-field_edac5d8 elementor-col-100\">\n\t\t\t\t\t<h5 style=\"color:#fff\">Voc\u00ea autoriza a utiliza\u00e7\u00e3o de seus dados para fins de comunica\u00e7\u00e3o pela BESINS conforme os <a href=\"#termos\" style=\"color:#046eab\">Termos de Uso?<\/a><\/h5>\t\t\t\t<\/div>\n\t\t\t\t\t\t\t\t<div class=\"elementor-field-type-radio elementor-field-group elementor-column elementor-field-group-authorization elementor-col-100 elementor-field-required\">\n\t\t\t\t\t\t\t\t\t\t\t\t<label for=\"form-field-authorization\" class=\"elementor-field-label elementor-screen-only\">\n\t\t\t\t\t\t\t\tVoc\u00ea autoriza a utiliza\u00e7\u00e3o de seus dados para fins de comunica\u00e7\u00e3o pela BESINS conforme os <a href=\"#termos\" target=\"_blank\">Termos de Uso?<\/a>\t\t\t\t\t\t\t<\/label>\n\t\t\t\t\t\t<div class=\"elementor-field-subgroup  elementor-subgroup-inline\"><span class=\"elementor-field-option\"><input type=\"radio\" value=\"sim\" id=\"form-field-authorization-0\" name=\"form_fields[authorization]\" required=\"required\"> <label for=\"form-field-authorization-0\">Sim<\/label><\/span><span class=\"elementor-field-option\"><input type=\"radio\" value=\"nao\" id=\"form-field-authorization-1\" name=\"form_fields[authorization]\" required=\"required\"> <label for=\"form-field-authorization-1\">N\u00e3o<\/label><\/span><\/div>\t\t\t\t<\/div>\n\t\t\t\t\t\t\t\t<div class=\"elementor-field-group elementor-column elementor-field-type-submit elementor-col-50 e-form__buttons\">\n\t\t\t\t\t<button class=\"elementor-button elementor-size-md\" type=\"submit\">\n\t\t\t\t\t\t<span class=\"elementor-button-content-wrapper\">\n\t\t\t\t\t\t\t\t\t\t\t\t\t\t\t\t\t\t\t\t\t\t<span class=\"elementor-button-text\">Cadastrar<\/span>\n\t\t\t\t\t\t\t\t\t\t\t\t\t<\/span>\n\t\t\t\t\t<\/button>\n\t\t\t\t<\/div>\n\t\t\t<\/div>\n\t\t<\/form>\n\t\t\t\t\t\t<\/div>\n\t\t\t\t<\/div>\n\t\t\t\t\t<\/div>\n\t\t<\/div>\n\t\t\t\t\t<\/div>\n\t\t<\/section>\n\t\t\t\t<\/div>\n\t\t","protected":false},"excerpt":{"rendered":"<p>J\u00e1 tenho conta. Fazer Login. Preencha os dados abaixo para efetuar seu cadastro<\/p>\n","protected":false},"author":1,"featured_media":0,"parent":0,"menu_order":0,"comment_status":"closed","ping_status":"closed","template":"elementor_canvas","meta":{"_acf_changed":false,"footnotes":""},"class_list":["post-211","page","type-page","status-publish","hentry"],"acf":[],"yoast_head":"<!-- This site is optimized with the Yoast SEO plugin v26.9 - https:\/\/yoast.com\/product\/yoast-seo-wordpress\/ -->\n<title>Cadastro - Besins Academy<\/title>\n<meta name=\"robots\" content=\"index, follow, max-snippet:-1, max-image-preview:large, max-video-preview:-1\" \/>\n<link rel=\"canonical\" href=\"https:\/\/besins-healthcarebrasil.com.br\/besins-academy\/cadastro\/\" \/>\n<meta property=\"og:locale\" content=\"pt_BR\" \/>\n<meta property=\"og:type\" content=\"article\" \/>\n<meta property=\"og:title\" content=\"Cadastro - Besins Academy\" \/>\n<meta property=\"og:description\" content=\"J\u00e1 tenho conta. Fazer Login. Preencha os dados abaixo para efetuar seu cadastro\" \/>\n<meta property=\"og:url\" content=\"https:\/\/besins-healthcarebrasil.com.br\/besins-academy\/cadastro\/\" \/>\n<meta property=\"og:site_name\" content=\"Besins Academy\" \/>\n<meta property=\"article:modified_time\" content=\"2026-01-12T14:39:22+00:00\" \/>\n<meta property=\"og:image\" content=\"https:\/\/besins-healthcarebrasil.com.br\/besins-academy\/wp-content\/uploads\/2026\/01\/besins-branco-horiz-1024x396.png\" \/>\n<meta name=\"twitter:card\" content=\"summary_large_image\" \/>\n<meta name=\"twitter:label1\" content=\"Est. tempo de leitura\" \/>\n\t<meta name=\"twitter:data1\" content=\"1 minuto\" \/>\n<script type=\"application\/ld+json\" class=\"yoast-schema-graph\">{\"@context\":\"https:\/\/schema.org\",\"@graph\":[{\"@type\":\"WebPage\",\"@id\":\"https:\/\/besins-healthcarebrasil.com.br\/besins-academy\/cadastro\/\",\"url\":\"https:\/\/besins-healthcarebrasil.com.br\/besins-academy\/cadastro\/\",\"name\":\"Cadastro - Besins Academy\",\"isPartOf\":{\"@id\":\"https:\/\/besins-healthcarebrasil.com.br\/besins-academy\/#website\"},\"primaryImageOfPage\":{\"@id\":\"https:\/\/besins-healthcarebrasil.com.br\/besins-academy\/cadastro\/#primaryimage\"},\"image\":{\"@id\":\"https:\/\/besins-healthcarebrasil.com.br\/besins-academy\/cadastro\/#primaryimage\"},\"thumbnailUrl\":\"https:\/\/besins-healthcarebrasil.com.br\/besins-academy\/wp-content\/uploads\/2026\/01\/besins-branco-horiz-1024x396.png\",\"datePublished\":\"2025-02-24T23:27:21+00:00\",\"dateModified\":\"2026-01-12T14:39:22+00:00\",\"breadcrumb\":{\"@id\":\"https:\/\/besins-healthcarebrasil.com.br\/besins-academy\/cadastro\/#breadcrumb\"},\"inLanguage\":\"pt-BR\",\"potentialAction\":[{\"@type\":\"ReadAction\",\"target\":[\"https:\/\/besins-healthcarebrasil.com.br\/besins-academy\/cadastro\/\"]}]},{\"@type\":\"ImageObject\",\"inLanguage\":\"pt-BR\",\"@id\":\"https:\/\/besins-healthcarebrasil.com.br\/besins-academy\/cadastro\/#primaryimage\",\"url\":\"https:\/\/besins-healthcarebrasil.com.br\/besins-academy\/wp-content\/uploads\/2026\/01\/besins-branco-horiz.png\",\"contentUrl\":\"https:\/\/besins-healthcarebrasil.com.br\/besins-academy\/wp-content\/uploads\/2026\/01\/besins-branco-horiz.png\",\"width\":2388,\"height\":923},{\"@type\":\"BreadcrumbList\",\"@id\":\"https:\/\/besins-healthcarebrasil.com.br\/besins-academy\/cadastro\/#breadcrumb\",\"itemListElement\":[{\"@type\":\"ListItem\",\"position\":1,\"name\":\"In\u00edcio\",\"item\":\"https:\/\/besins-healthcarebrasil.com.br\/besins-academy\/\"},{\"@type\":\"ListItem\",\"position\":2,\"name\":\"Cadastro\"}]},{\"@type\":\"WebSite\",\"@id\":\"https:\/\/besins-healthcarebrasil.com.br\/besins-academy\/#website\",\"url\":\"https:\/\/besins-healthcarebrasil.com.br\/besins-academy\/\",\"name\":\"Besins Academy\",\"description\":\"\",\"potentialAction\":[{\"@type\":\"SearchAction\",\"target\":{\"@type\":\"EntryPoint\",\"urlTemplate\":\"https:\/\/besins-healthcarebrasil.com.br\/besins-academy\/?s={search_term_string}\"},\"query-input\":{\"@type\":\"PropertyValueSpecification\",\"valueRequired\":true,\"valueName\":\"search_term_string\"}}],\"inLanguage\":\"pt-BR\"}]}<\/script>\n<!-- \/ Yoast SEO plugin. -->","yoast_head_json":{"title":"Cadastro - Besins Academy","robots":{"index":"index","follow":"follow","max-snippet":"max-snippet:-1","max-image-preview":"max-image-preview:large","max-video-preview":"max-video-preview:-1"},"canonical":"https:\/\/besins-healthcarebrasil.com.br\/besins-academy\/cadastro\/","og_locale":"pt_BR","og_type":"article","og_title":"Cadastro - Besins Academy","og_description":"J\u00e1 tenho conta. Fazer Login. Preencha os dados abaixo para efetuar seu cadastro","og_url":"https:\/\/besins-healthcarebrasil.com.br\/besins-academy\/cadastro\/","og_site_name":"Besins Academy","article_modified_time":"2026-01-12T14:39:22+00:00","og_image":[{"url":"https:\/\/besins-healthcarebrasil.com.br\/besins-academy\/wp-content\/uploads\/2026\/01\/besins-branco-horiz-1024x396.png","type":"","width":"","height":""}],"twitter_card":"summary_large_image","twitter_misc":{"Est. tempo de leitura":"1 minuto"},"schema":{"@context":"https:\/\/schema.org","@graph":[{"@type":"WebPage","@id":"https:\/\/besins-healthcarebrasil.com.br\/besins-academy\/cadastro\/","url":"https:\/\/besins-healthcarebrasil.com.br\/besins-academy\/cadastro\/","name":"Cadastro - Besins Academy","isPartOf":{"@id":"https:\/\/besins-healthcarebrasil.com.br\/besins-academy\/#website"},"primaryImageOfPage":{"@id":"https:\/\/besins-healthcarebrasil.com.br\/besins-academy\/cadastro\/#primaryimage"},"image":{"@id":"https:\/\/besins-healthcarebrasil.com.br\/besins-academy\/cadastro\/#primaryimage"},"thumbnailUrl":"https:\/\/besins-healthcarebrasil.com.br\/besins-academy\/wp-content\/uploads\/2026\/01\/besins-branco-horiz-1024x396.png","datePublished":"2025-02-24T23:27:21+00:00","dateModified":"2026-01-12T14:39:22+00:00","breadcrumb":{"@id":"https:\/\/besins-healthcarebrasil.com.br\/besins-academy\/cadastro\/#breadcrumb"},"inLanguage":"pt-BR","potentialAction":[{"@type":"ReadAction","target":["https:\/\/besins-healthcarebrasil.com.br\/besins-academy\/cadastro\/"]}]},{"@type":"ImageObject","inLanguage":"pt-BR","@id":"https:\/\/besins-healthcarebrasil.com.br\/besins-academy\/cadastro\/#primaryimage","url":"https:\/\/besins-healthcarebrasil.com.br\/besins-academy\/wp-content\/uploads\/2026\/01\/besins-branco-horiz.png","contentUrl":"https:\/\/besins-healthcarebrasil.com.br\/besins-academy\/wp-content\/uploads\/2026\/01\/besins-branco-horiz.png","width":2388,"height":923},{"@type":"BreadcrumbList","@id":"https:\/\/besins-healthcarebrasil.com.br\/besins-academy\/cadastro\/#breadcrumb","itemListElement":[{"@type":"ListItem","position":1,"name":"In\u00edcio","item":"https:\/\/besins-healthcarebrasil.com.br\/besins-academy\/"},{"@type":"ListItem","position":2,"name":"Cadastro"}]},{"@type":"WebSite","@id":"https:\/\/besins-healthcarebrasil.com.br\/besins-academy\/#website","url":"https:\/\/besins-healthcarebrasil.com.br\/besins-academy\/","name":"Besins Academy","description":"","potentialAction":[{"@type":"SearchAction","target":{"@type":"EntryPoint","urlTemplate":"https:\/\/besins-healthcarebrasil.com.br\/besins-academy\/?s={search_term_string}"},"query-input":{"@type":"PropertyValueSpecification","valueRequired":true,"valueName":"search_term_string"}}],"inLanguage":"pt-BR"}]}},"_links":{"self":[{"href":"https:\/\/besins-healthcarebrasil.com.br\/besins-academy\/wp-json\/wp\/v2\/pages\/211","targetHints":{"allow":["GET"]}}],"collection":[{"href":"https:\/\/besins-healthcarebrasil.com.br\/besins-academy\/wp-json\/wp\/v2\/pages"}],"about":[{"href":"https:\/\/besins-healthcarebrasil.com.br\/besins-academy\/wp-json\/wp\/v2\/types\/page"}],"author":[{"embeddable":true,"href":"https:\/\/besins-healthcarebrasil.com.br\/besins-academy\/wp-json\/wp\/v2\/users\/1"}],"replies":[{"embeddable":true,"href":"https:\/\/besins-healthcarebrasil.com.br\/besins-academy\/wp-json\/wp\/v2\/comments?post=211"}],"version-history":[{"count":96,"href":"https:\/\/besins-healthcarebrasil.com.br\/besins-academy\/wp-json\/wp\/v2\/pages\/211\/revisions"}],"predecessor-version":[{"id":1637,"href":"https:\/\/besins-healthcarebrasil.com.br\/besins-academy\/wp-json\/wp\/v2\/pages\/211\/revisions\/1637"}],"wp:attachment":[{"href":"https:\/\/besins-healthcarebrasil.com.br\/besins-academy\/wp-json\/wp\/v2\/media?parent=211"}],"curies":[{"name":"wp","href":"https:\/\/api.w.org\/{rel}","templated":true}]}}