{"id":1493,"date":"2025-09-24T14:07:33","date_gmt":"2025-09-24T17:07:33","guid":{"rendered":"https:\/\/besins-healthcarebrasil.com.br\/areadeprescritores\/?page_id=1493"},"modified":"2026-01-12T11:39:50","modified_gmt":"2026-01-12T14:39:50","slug":"resetar-senha","status":"publish","type":"page","link":"https:\/\/besins-healthcarebrasil.com.br\/besins-academy\/resetar-senha\/","title":{"rendered":"Resetar Senha"},"content":{"rendered":"\t\t<div data-elementor-type=\"wp-page\" data-elementor-id=\"1493\" class=\"elementor elementor-1493\" data-elementor-post-type=\"page\">\n\t\t\t\t\t\t<section class=\"elementor-section elementor-top-section elementor-element elementor-element-c115e6f elementor-section-height-min-height elementor-section-boxed elementor-section-height-default elementor-section-items-middle\" data-id=\"c115e6f\" data-element_type=\"section\" data-e-type=\"section\" data-settings=\"{&quot;background_background&quot;:&quot;classic&quot;}\">\n\t\t\t\t\t\t\t<div class=\"elementor-background-overlay\"><\/div>\n\t\t\t\t\t\t\t<div class=\"elementor-container elementor-column-gap-default\">\n\t\t\t\t\t<div class=\"elementor-column elementor-col-50 elementor-top-column elementor-element elementor-element-573ae4b\" data-id=\"573ae4b\" data-element_type=\"column\" data-e-type=\"column\">\n\t\t\t<div class=\"elementor-widget-wrap elementor-element-populated\">\n\t\t\t\t\t\t<div class=\"elementor-element elementor-element-723f0dc elementor-widget elementor-widget-image\" data-id=\"723f0dc\" data-element_type=\"widget\" data-e-type=\"widget\" data-widget_type=\"image.default\">\n\t\t\t\t<div class=\"elementor-widget-container\">\n\t\t\t\t\t\t\t\t\t\t\t\t\t\t\t<img fetchpriority=\"high\" decoding=\"async\" width=\"800\" height=\"309\" src=\"https:\/\/besins-healthcarebrasil.com.br\/besins-academy\/wp-content\/uploads\/2026\/01\/besins-branco-horiz-1024x396.png\" class=\"attachment-large size-large wp-image-1627\" alt=\"\" srcset=\"https:\/\/besins-healthcarebrasil.com.br\/besins-academy\/wp-content\/uploads\/2026\/01\/besins-branco-horiz-1024x396.png 1024w, https:\/\/besins-healthcarebrasil.com.br\/besins-academy\/wp-content\/uploads\/2026\/01\/besins-branco-horiz-300x116.png 300w, https:\/\/besins-healthcarebrasil.com.br\/besins-academy\/wp-content\/uploads\/2026\/01\/besins-branco-horiz-768x297.png 768w, https:\/\/besins-healthcarebrasil.com.br\/besins-academy\/wp-content\/uploads\/2026\/01\/besins-branco-horiz-1536x594.png 1536w, https:\/\/besins-healthcarebrasil.com.br\/besins-academy\/wp-content\/uploads\/2026\/01\/besins-branco-horiz-2048x792.png 2048w\" sizes=\"(max-width: 800px) 100vw, 800px\" \/>\t\t\t\t\t\t\t\t\t\t\t\t\t\t\t<\/div>\n\t\t\t\t<\/div>\n\t\t\t\t\t<\/div>\n\t\t<\/div>\n\t\t\t\t<div class=\"elementor-column elementor-col-50 elementor-top-column elementor-element elementor-element-ed5dc14\" data-id=\"ed5dc14\" data-element_type=\"column\" data-e-type=\"column\">\n\t\t\t<div class=\"elementor-widget-wrap elementor-element-populated\">\n\t\t\t\t\t\t<section class=\"elementor-section elementor-inner-section elementor-element elementor-element-9fb6269 elementor-section-boxed elementor-section-height-default elementor-section-height-default\" data-id=\"9fb6269\" data-element_type=\"section\" data-e-type=\"section\">\n\t\t\t\t\t\t<div class=\"elementor-container elementor-column-gap-no\">\n\t\t\t\t\t<div class=\"elementor-column elementor-col-50 elementor-inner-column elementor-element elementor-element-17755cc\" data-id=\"17755cc\" data-element_type=\"column\" data-e-type=\"column\">\n\t\t\t<div class=\"elementor-widget-wrap elementor-element-populated\">\n\t\t\t\t\t\t<div class=\"elementor-element elementor-element-9775dc3 elementor-widget elementor-widget-heading\" data-id=\"9775dc3\" data-element_type=\"widget\" data-e-type=\"widget\" data-widget_type=\"heading.default\">\n\t\t\t\t<div class=\"elementor-widget-container\">\n\t\t\t\t\t<h2 class=\"elementor-heading-title elementor-size-default\">Esqueci minha senha<\/h2>\t\t\t\t<\/div>\n\t\t\t\t<\/div>\n\t\t\t\t\t<\/div>\n\t\t<\/div>\n\t\t\t\t<div class=\"elementor-column elementor-col-50 elementor-inner-column elementor-element elementor-element-33f4af6\" data-id=\"33f4af6\" data-element_type=\"column\" data-e-type=\"column\">\n\t\t\t<div class=\"elementor-widget-wrap elementor-element-populated\">\n\t\t\t\t\t\t<div class=\"elementor-element elementor-element-9ac73c7 elementor-align-justify elementor-widget elementor-widget-button\" data-id=\"9ac73c7\" data-element_type=\"widget\" data-e-type=\"widget\" data-widget_type=\"button.default\">\n\t\t\t\t<div class=\"elementor-widget-container\">\n\t\t\t\t\t\t\t\t\t<div class=\"elementor-button-wrapper\">\n\t\t\t\t\t<a class=\"elementor-button elementor-button-link elementor-size-sm\" href=\"https:\/\/besins-healthcarebrasil.com.br\/besins-academy\/login\/\">\n\t\t\t\t\t\t<span class=\"elementor-button-content-wrapper\">\n\t\t\t\t\t\t\t\t\t<span class=\"elementor-button-text\">Voltar para Login<\/span>\n\t\t\t\t\t<\/span>\n\t\t\t\t\t<\/a>\n\t\t\t\t<\/div>\n\t\t\t\t\t\t\t\t<\/div>\n\t\t\t\t<\/div>\n\t\t\t\t\t<\/div>\n\t\t<\/div>\n\t\t\t\t\t<\/div>\n\t\t<\/section>\n\t\t\t\t<div class=\"elementor-element elementor-element-0962bec elementor-widget elementor-widget-shortcode\" data-id=\"0962bec\" data-element_type=\"widget\" data-e-type=\"widget\" data-widget_type=\"shortcode.default\">\n\t\t\t\t<div class=\"elementor-widget-container\">\n\t\t\t\t\t\t\t<div class=\"elementor-shortcode\">\r\n<div id=\"password-lost-form-wrap\">\r\n\r\n\t\r\n\t\r\n\t<form id=\"lostpasswordform\" method=\"post\" class=\"account-page-form\">\r\n\t\t<fieldset>\r\n\t\t\t<legend>Esqueci Minha Senha<\/legend>\r\n\r\n\t\t\t<div class=\"somfrp-lost-pass-form-text\">\r\n\t\t\t\t<p>Por favor, insira seu e-mail abaixo para enviarmos um link de redefini\u00e7\u00e3o de senha.<\/p>\n\t\t\t<\/div>\r\n\r\n\t\t\t<p class=\"no-margin\">\r\n\t\t\t\t<label for=\"somfrp_user_info\">Digite seu E-mail<\/label>\r\n\t\t\t\t<input type=\"text\" name=\"somfrp_user_info\" id=\"somfrp_user_info\" required autocomplete=\"username\">\r\n\t\t\t<\/p>\r\n\t\t\t\r\n\r\n\t\t\t<div class=\"lostpassword-submit\">\r\n\t\t\t\t<input type=\"hidden\" id=\"somfrp_nonce\" name=\"somfrp_nonce\" value=\"655ac57dae\" \/><input type=\"hidden\" name=\"_wp_http_referer\" value=\"\/besins-academy\/wp-json\/wp\/v2\/pages\/1493\" \/>\t\t\t\t<input type=\"hidden\" name=\"submitted\" id=\"submitted\" value=\"true\">\r\n\t\t\t\t<input type=\"hidden\" name=\"somfrp_action\" id=\"somfrp_post_action\" value=\"somfrp_lost_pass\">\r\n\t\t\t\t<button type=\"submit\" id=\"reset-pass-submit\" name=\"reset-pass-submit\" class=\"button big-btn\">Resetar senha<\/button>\r\n\t\t\t<\/div>\r\n\r\n\t\t<\/fieldset>\r\n\t<\/form>\r\n\r\n<\/div><\/div>\n\t\t\t\t\t\t<\/div>\n\t\t\t\t<\/div>\n\t\t\t\t<div class=\"elementor-element elementor-element-dca055c elementor-widget elementor-widget-text-editor\" data-id=\"dca055c\" data-element_type=\"widget\" data-e-type=\"widget\" data-widget_type=\"text-editor.default\">\n\t\t\t\t<div class=\"elementor-widget-container\">\n\t\t\t\t\t\t\t\t\t<p><strong>Aviso legal<\/strong>: Qualquer informa\u00e7\u00e3o enviada por uma empresa BESINS pode conter dados pessoais e\/ou informa\u00e7\u00f5es confidenciais e\/ou privilegiadas. Se voc\u00ea n\u00e3o for o destinat\u00e1rio correto, a divulga\u00e7\u00e3o, c\u00f3pia ou uso de seu conte\u00fado \u00e9 proibida; notifique o remetente imediatamente e exclua-o, junto com todas as c\u00f3pias, de seu sistema. Entre em contato com DPO_BHBR@besins-healthcare.com para quaisquer d\u00favidas.<\/p>\t\t\t\t\t\t\t\t<\/div>\n\t\t\t\t<\/div>\n\t\t\t\t\t<\/div>\n\t\t<\/div>\n\t\t\t\t\t<\/div>\n\t\t<\/section>\n\t\t\t\t<\/div>\n\t\t","protected":false},"excerpt":{"rendered":"<p>Esqueci minha senha Voltar para Login Aviso legal: Qualquer informa\u00e7\u00e3o enviada por uma empresa BESINS pode conter dados pessoais e\/ou informa\u00e7\u00f5es confidenciais e\/ou privilegiadas. Se voc\u00ea n\u00e3o for o destinat\u00e1rio correto, a divulga\u00e7\u00e3o, c\u00f3pia ou uso de seu conte\u00fado \u00e9 proibida; notifique o remetente imediatamente e exclua-o, junto com todas as c\u00f3pias, de seu sistema. [&hellip;]<\/p>\n","protected":false},"author":1,"featured_media":0,"parent":0,"menu_order":0,"comment_status":"closed","ping_status":"closed","template":"elementor_canvas","meta":{"_acf_changed":false,"footnotes":""},"class_list":["post-1493","page","type-page","status-publish","hentry"],"acf":[],"yoast_head":"<!-- This site is optimized with the Yoast SEO plugin v26.9 - https:\/\/yoast.com\/product\/yoast-seo-wordpress\/ -->\n<title>Resetar Senha - Besins Academy<\/title>\n<meta name=\"robots\" content=\"index, follow, max-snippet:-1, max-image-preview:large, max-video-preview:-1\" \/>\n<link rel=\"canonical\" href=\"https:\/\/besins-healthcarebrasil.com.br\/besins-academy\/resetar-senha\/\" \/>\n<meta property=\"og:locale\" content=\"pt_BR\" \/>\n<meta property=\"og:type\" content=\"article\" \/>\n<meta property=\"og:title\" content=\"Resetar Senha - Besins Academy\" \/>\n<meta property=\"og:description\" content=\"Esqueci minha senha Voltar para Login Aviso legal: Qualquer informa\u00e7\u00e3o enviada por uma empresa BESINS pode conter dados pessoais e\/ou informa\u00e7\u00f5es confidenciais e\/ou privilegiadas. Se voc\u00ea n\u00e3o for o destinat\u00e1rio correto, a divulga\u00e7\u00e3o, c\u00f3pia ou uso de seu conte\u00fado \u00e9 proibida; notifique o remetente imediatamente e exclua-o, junto com todas as c\u00f3pias, de seu sistema. [&hellip;]\" \/>\n<meta property=\"og:url\" content=\"https:\/\/besins-healthcarebrasil.com.br\/besins-academy\/resetar-senha\/\" \/>\n<meta property=\"og:site_name\" content=\"Besins Academy\" \/>\n<meta property=\"article:modified_time\" content=\"2026-01-12T14:39:50+00:00\" \/>\n<meta property=\"og:image\" content=\"https:\/\/besins-healthcarebrasil.com.br\/besins-academy\/wp-content\/uploads\/2026\/01\/besins-branco-horiz.png\" \/>\n\t<meta property=\"og:image:width\" content=\"2388\" \/>\n\t<meta property=\"og:image:height\" content=\"923\" \/>\n\t<meta property=\"og:image:type\" content=\"image\/png\" \/>\n<meta name=\"twitter:card\" content=\"summary_large_image\" \/>\n<meta name=\"twitter:label1\" content=\"Est. tempo de leitura\" \/>\n\t<meta name=\"twitter:data1\" content=\"1 minuto\" \/>\n<script type=\"application\/ld+json\" class=\"yoast-schema-graph\">{\"@context\":\"https:\/\/schema.org\",\"@graph\":[{\"@type\":\"WebPage\",\"@id\":\"https:\/\/besins-healthcarebrasil.com.br\/besins-academy\/resetar-senha\/\",\"url\":\"https:\/\/besins-healthcarebrasil.com.br\/besins-academy\/resetar-senha\/\",\"name\":\"Resetar Senha - Besins Academy\",\"isPartOf\":{\"@id\":\"https:\/\/besins-healthcarebrasil.com.br\/besins-academy\/#website\"},\"primaryImageOfPage\":{\"@id\":\"https:\/\/besins-healthcarebrasil.com.br\/besins-academy\/resetar-senha\/#primaryimage\"},\"image\":{\"@id\":\"https:\/\/besins-healthcarebrasil.com.br\/besins-academy\/resetar-senha\/#primaryimage\"},\"thumbnailUrl\":\"https:\/\/besins-healthcarebrasil.com.br\/besins-academy\/wp-content\/uploads\/2026\/01\/besins-branco-horiz-1024x396.png\",\"datePublished\":\"2025-09-24T17:07:33+00:00\",\"dateModified\":\"2026-01-12T14:39:50+00:00\",\"breadcrumb\":{\"@id\":\"https:\/\/besins-healthcarebrasil.com.br\/besins-academy\/resetar-senha\/#breadcrumb\"},\"inLanguage\":\"pt-BR\",\"potentialAction\":[{\"@type\":\"ReadAction\",\"target\":[\"https:\/\/besins-healthcarebrasil.com.br\/besins-academy\/resetar-senha\/\"]}]},{\"@type\":\"ImageObject\",\"inLanguage\":\"pt-BR\",\"@id\":\"https:\/\/besins-healthcarebrasil.com.br\/besins-academy\/resetar-senha\/#primaryimage\",\"url\":\"https:\/\/besins-healthcarebrasil.com.br\/besins-academy\/wp-content\/uploads\/2026\/01\/besins-branco-horiz.png\",\"contentUrl\":\"https:\/\/besins-healthcarebrasil.com.br\/besins-academy\/wp-content\/uploads\/2026\/01\/besins-branco-horiz.png\",\"width\":2388,\"height\":923},{\"@type\":\"BreadcrumbList\",\"@id\":\"https:\/\/besins-healthcarebrasil.com.br\/besins-academy\/resetar-senha\/#breadcrumb\",\"itemListElement\":[{\"@type\":\"ListItem\",\"position\":1,\"name\":\"In\u00edcio\",\"item\":\"https:\/\/besins-healthcarebrasil.com.br\/besins-academy\/\"},{\"@type\":\"ListItem\",\"position\":2,\"name\":\"Resetar Senha\"}]},{\"@type\":\"WebSite\",\"@id\":\"https:\/\/besins-healthcarebrasil.com.br\/besins-academy\/#website\",\"url\":\"https:\/\/besins-healthcarebrasil.com.br\/besins-academy\/\",\"name\":\"Besins Academy\",\"description\":\"\",\"potentialAction\":[{\"@type\":\"SearchAction\",\"target\":{\"@type\":\"EntryPoint\",\"urlTemplate\":\"https:\/\/besins-healthcarebrasil.com.br\/besins-academy\/?s={search_term_string}\"},\"query-input\":{\"@type\":\"PropertyValueSpecification\",\"valueRequired\":true,\"valueName\":\"search_term_string\"}}],\"inLanguage\":\"pt-BR\"}]}<\/script>\n<!-- \/ Yoast SEO plugin. -->","yoast_head_json":{"title":"Resetar Senha - Besins Academy","robots":{"index":"index","follow":"follow","max-snippet":"max-snippet:-1","max-image-preview":"max-image-preview:large","max-video-preview":"max-video-preview:-1"},"canonical":"https:\/\/besins-healthcarebrasil.com.br\/besins-academy\/resetar-senha\/","og_locale":"pt_BR","og_type":"article","og_title":"Resetar Senha - Besins Academy","og_description":"Esqueci minha senha Voltar para Login Aviso legal: Qualquer informa\u00e7\u00e3o enviada por uma empresa BESINS pode conter dados pessoais e\/ou informa\u00e7\u00f5es confidenciais e\/ou privilegiadas. Se voc\u00ea n\u00e3o for o destinat\u00e1rio correto, a divulga\u00e7\u00e3o, c\u00f3pia ou uso de seu conte\u00fado \u00e9 proibida; notifique o remetente imediatamente e exclua-o, junto com todas as c\u00f3pias, de seu sistema. [&hellip;]","og_url":"https:\/\/besins-healthcarebrasil.com.br\/besins-academy\/resetar-senha\/","og_site_name":"Besins Academy","article_modified_time":"2026-01-12T14:39:50+00:00","og_image":[{"width":2388,"height":923,"url":"https:\/\/besins-healthcarebrasil.com.br\/besins-academy\/wp-content\/uploads\/2026\/01\/besins-branco-horiz.png","type":"image\/png"}],"twitter_card":"summary_large_image","twitter_misc":{"Est. tempo de leitura":"1 minuto"},"schema":{"@context":"https:\/\/schema.org","@graph":[{"@type":"WebPage","@id":"https:\/\/besins-healthcarebrasil.com.br\/besins-academy\/resetar-senha\/","url":"https:\/\/besins-healthcarebrasil.com.br\/besins-academy\/resetar-senha\/","name":"Resetar Senha - Besins Academy","isPartOf":{"@id":"https:\/\/besins-healthcarebrasil.com.br\/besins-academy\/#website"},"primaryImageOfPage":{"@id":"https:\/\/besins-healthcarebrasil.com.br\/besins-academy\/resetar-senha\/#primaryimage"},"image":{"@id":"https:\/\/besins-healthcarebrasil.com.br\/besins-academy\/resetar-senha\/#primaryimage"},"thumbnailUrl":"https:\/\/besins-healthcarebrasil.com.br\/besins-academy\/wp-content\/uploads\/2026\/01\/besins-branco-horiz-1024x396.png","datePublished":"2025-09-24T17:07:33+00:00","dateModified":"2026-01-12T14:39:50+00:00","breadcrumb":{"@id":"https:\/\/besins-healthcarebrasil.com.br\/besins-academy\/resetar-senha\/#breadcrumb"},"inLanguage":"pt-BR","potentialAction":[{"@type":"ReadAction","target":["https:\/\/besins-healthcarebrasil.com.br\/besins-academy\/resetar-senha\/"]}]},{"@type":"ImageObject","inLanguage":"pt-BR","@id":"https:\/\/besins-healthcarebrasil.com.br\/besins-academy\/resetar-senha\/#primaryimage","url":"https:\/\/besins-healthcarebrasil.com.br\/besins-academy\/wp-content\/uploads\/2026\/01\/besins-branco-horiz.png","contentUrl":"https:\/\/besins-healthcarebrasil.com.br\/besins-academy\/wp-content\/uploads\/2026\/01\/besins-branco-horiz.png","width":2388,"height":923},{"@type":"BreadcrumbList","@id":"https:\/\/besins-healthcarebrasil.com.br\/besins-academy\/resetar-senha\/#breadcrumb","itemListElement":[{"@type":"ListItem","position":1,"name":"In\u00edcio","item":"https:\/\/besins-healthcarebrasil.com.br\/besins-academy\/"},{"@type":"ListItem","position":2,"name":"Resetar Senha"}]},{"@type":"WebSite","@id":"https:\/\/besins-healthcarebrasil.com.br\/besins-academy\/#website","url":"https:\/\/besins-healthcarebrasil.com.br\/besins-academy\/","name":"Besins Academy","description":"","potentialAction":[{"@type":"SearchAction","target":{"@type":"EntryPoint","urlTemplate":"https:\/\/besins-healthcarebrasil.com.br\/besins-academy\/?s={search_term_string}"},"query-input":{"@type":"PropertyValueSpecification","valueRequired":true,"valueName":"search_term_string"}}],"inLanguage":"pt-BR"}]}},"_links":{"self":[{"href":"https:\/\/besins-healthcarebrasil.com.br\/besins-academy\/wp-json\/wp\/v2\/pages\/1493","targetHints":{"allow":["GET"]}}],"collection":[{"href":"https:\/\/besins-healthcarebrasil.com.br\/besins-academy\/wp-json\/wp\/v2\/pages"}],"about":[{"href":"https:\/\/besins-healthcarebrasil.com.br\/besins-academy\/wp-json\/wp\/v2\/types\/page"}],"author":[{"embeddable":true,"href":"https:\/\/besins-healthcarebrasil.com.br\/besins-academy\/wp-json\/wp\/v2\/users\/1"}],"replies":[{"embeddable":true,"href":"https:\/\/besins-healthcarebrasil.com.br\/besins-academy\/wp-json\/wp\/v2\/comments?post=1493"}],"version-history":[{"count":13,"href":"https:\/\/besins-healthcarebrasil.com.br\/besins-academy\/wp-json\/wp\/v2\/pages\/1493\/revisions"}],"predecessor-version":[{"id":1643,"href":"https:\/\/besins-healthcarebrasil.com.br\/besins-academy\/wp-json\/wp\/v2\/pages\/1493\/revisions\/1643"}],"wp:attachment":[{"href":"https:\/\/besins-healthcarebrasil.com.br\/besins-academy\/wp-json\/wp\/v2\/media?parent=1493"}],"curies":[{"name":"wp","href":"https:\/\/api.w.org\/{rel}","templated":true}]}}